{"id":4942,"date":"2025-07-20T10:31:59","date_gmt":"2025-07-20T13:31:59","guid":{"rendered":"https:\/\/maxwinetop.com.br\/?post_type=product&#038;p=4942"},"modified":"2025-07-20T10:31:59","modified_gmt":"2025-07-20T13:31:59","slug":"cousino-macul-don-luis","status":"publish","type":"product","link":"https:\/\/maxwinetop.com.br\/index.php\/product\/cousino-macul-don-luis\/","title":{"rendered":"Cousi\u00f1o Macul Don Luis"},"content":{"rendered":"<p data-start=\"177\" data-end=\"448\">O <strong data-start=\"179\" data-end=\"191\">Don Luis<\/strong> \u00e9 uma homenagem a Don Luis Cousi\u00f1o, fundador da vin\u00edcola <strong data-start=\"249\" data-end=\"266\">Cousi\u00f1o Macul<\/strong>, uma das mais tradicionais do Chile. Produzido no Vale do Maipo, este vinho re\u00fane qualidade, equil\u00edbrio e eleg\u00e2ncia em uma vers\u00e3o mais jovem e vers\u00e1til, perfeita para o dia a dia.<\/p>\n<p data-start=\"450\" data-end=\"800\">Com aromas intensos de frutas vermelhas maduras, notas sutis de especiarias e toques de carvalho, o <strong data-start=\"550\" data-end=\"581\">Don Luis Cabernet Sauvignon<\/strong> (ou outro varietal, se for o caso) \u00e9 macio, de corpo m\u00e9dio, taninos redondos e final agrad\u00e1vel. Vai muito bem com carnes grelhadas, massas e queijos m\u00e9dios, acompanhando momentos especiais com leveza e autenticidade.<\/p>\n<p data-start=\"802\" data-end=\"862\"><strong data-start=\"802\" data-end=\"860\">Don Luis: tradi\u00e7\u00e3o e sabor para brindar todos os dias.<\/strong><\/p>\n","protected":false},"excerpt":{"rendered":"<p>O Don Luis \u00e9 uma homenagem a Don Luis Cousi\u00f1o, fundador da vin\u00edcola Cousi\u00f1o Macul, uma das mais tradicionais do Chile. Produzido no Vale do Maipo, este vinho re\u00fane qualidade, equil\u00edbrio e eleg\u00e2ncia em uma vers\u00e3o mais jovem e vers\u00e1til, perfeita para o dia a dia. Com aromas intensos de frutas vermelhas maduras, notas sutis [&hellip;]<\/p>\n","protected":false},"featured_media":4943,"template":"","meta":{"site-sidebar-layout":"default","site-content-layout":"","ast-site-content-layout":"default","site-content-style":"default","site-sidebar-style":"default","ast-global-header-display":"","ast-banner-title-visibility":"","ast-main-header-display":"","ast-hfb-above-header-display":"","ast-hfb-below-header-display":"","ast-hfb-mobile-header-display":"","site-post-title":"","ast-breadcrumbs-content":"","ast-featured-img":"","footer-sml-layout":"","theme-transparent-header-meta":"default","adv-header-id-meta":"","stick-header-meta":"","header-above-stick-meta":"","header-main-stick-meta":"","header-below-stick-meta":"","astra-migrate-meta-layouts":"set","ast-page-background-enabled":"default","ast-page-background-meta":{"desktop":{"background-color":"","background-image":"","background-repeat":"repeat","background-position":"center center","background-size":"auto","background-attachment":"scroll","background-type":"","background-media":"","overlay-type":"","overlay-color":"","overlay-opacity":"","overlay-gradient":""},"tablet":{"background-color":"","background-image":"","background-repeat":"repeat","background-position":"center center","background-size":"auto","background-attachment":"scroll","background-type":"","background-media":"","overlay-type":"","overlay-color":"","overlay-opacity":"","overlay-gradient":""},"mobile":{"background-color":"","background-image":"","background-repeat":"repeat","background-position":"center center","background-size":"auto","background-attachment":"scroll","background-type":"","background-media":"","overlay-type":"","overlay-color":"","overlay-opacity":"","overlay-gradient":""}},"ast-content-background-meta":{"desktop":{"background-color":"var(--ast-global-color-5)","background-image":"","background-repeat":"repeat","background-position":"center center","background-size":"auto","background-attachment":"scroll","background-type":"","background-media":"","overlay-type":"","overlay-color":"","overlay-opacity":"","overlay-gradient":""},"tablet":{"background-color":"var(--ast-global-color-5)","background-image":"","background-repeat":"repeat","background-position":"center center","background-size":"auto","background-attachment":"scroll","background-type":"","background-media":"","overlay-type":"","overlay-color":"","overlay-opacity":"","overlay-gradient":""},"mobile":{"background-color":"var(--ast-global-color-5)","background-image":"","background-repeat":"repeat","background-position":"center center","background-size":"auto","background-attachment":"scroll","background-type":"","background-media":"","overlay-type":"","overlay-color":"","overlay-opacity":"","overlay-gradient":""}}},"product_cat":[53],"product_tag":[],"class_list":{"0":"post-4942","1":"product","2":"type-product","3":"status-publish","4":"has-post-thumbnail","6":"product_cat-chile","7":"desktop-align-left","8":"tablet-align-left","9":"mobile-align-left","11":"first","12":"instock","13":"shipping-taxable","14":"purchasable","15":"product-type-simple"},"aioseo_notices":[],"_links":{"self":[{"href":"https:\/\/maxwinetop.com.br\/index.php\/wp-json\/wp\/v2\/product\/4942"}],"collection":[{"href":"https:\/\/maxwinetop.com.br\/index.php\/wp-json\/wp\/v2\/product"}],"about":[{"href":"https:\/\/maxwinetop.com.br\/index.php\/wp-json\/wp\/v2\/types\/product"}],"wp:featuredmedia":[{"embeddable":true,"href":"https:\/\/maxwinetop.com.br\/index.php\/wp-json\/wp\/v2\/media\/4943"}],"wp:attachment":[{"href":"https:\/\/maxwinetop.com.br\/index.php\/wp-json\/wp\/v2\/media?parent=4942"}],"wp:term":[{"taxonomy":"product_cat","embeddable":true,"href":"https:\/\/maxwinetop.com.br\/index.php\/wp-json\/wp\/v2\/product_cat?post=4942"},{"taxonomy":"product_tag","embeddable":true,"href":"https:\/\/maxwinetop.com.br\/index.php\/wp-json\/wp\/v2\/product_tag?post=4942"}],"curies":[{"name":"wp","href":"https:\/\/api.w.org\/{rel}","templated":true}]}}