{"id":4936,"date":"2025-07-20T10:27:25","date_gmt":"2025-07-20T13:27:25","guid":{"rendered":"https:\/\/maxwinetop.com.br\/?post_type=product&#038;p=4936"},"modified":"2025-07-20T10:27:25","modified_gmt":"2025-07-20T13:27:25","slug":"antawara-cabernet-sauvignon","status":"publish","type":"product","link":"https:\/\/maxwinetop.com.br\/index.php\/product\/antawara-cabernet-sauvignon\/","title":{"rendered":"Antawara Cabernet Sauvignon"},"content":{"rendered":"<p data-start=\"112\" data-end=\"174\"><strong data-start=\"112\" data-end=\"174\">Antawara Cabernet Sauvignon \u2013 A ess\u00eancia vibrante do Chile<\/strong><\/p>\n<p data-start=\"176\" data-end=\"392\">O Antawara Cabernet Sauvignon \u00e9 um vinho jovem e expressivo, que traduz toda a riqueza do terroir chileno. Produzido na regi\u00e3o do Vale Central, combina tradi\u00e7\u00e3o e frescor em uma experi\u00eancia marcante para o paladar.<\/p>\n<p data-start=\"394\" data-end=\"698\">Com colora\u00e7\u00e3o rubi intensa, apresenta aromas de frutas vermelhas maduras, como cerejas e ameixas, al\u00e9m de sutis notas de baunilha e especiarias. Na boca, \u00e9 equilibrado, de corpo m\u00e9dio, taninos macios e final agrad\u00e1vel, perfeito para acompanhar carnes assadas, massas ao molho vermelho e queijos m\u00e9dios.<\/p>\n<p data-start=\"700\" data-end=\"830\"><strong data-start=\"700\" data-end=\"712\">Antawara<\/strong> significa \u201cFlor do Sol\u201d em l\u00edngua ind\u00edgena, simbolizando a energia e vitalidade que este vinho leva para cada ta\u00e7a.<\/p>\n<p data-start=\"832\" data-end=\"891\"><strong data-start=\"832\" data-end=\"891\">Brinde a bons momentos com Antawara Cabernet Sauvignon.<\/strong><\/p>\n","protected":false},"excerpt":{"rendered":"<p>Antawara Cabernet Sauvignon \u2013 A ess\u00eancia vibrante do Chile O Antawara Cabernet Sauvignon \u00e9 um vinho jovem e expressivo, que traduz toda a riqueza do terroir chileno. Produzido na regi\u00e3o do Vale Central, combina tradi\u00e7\u00e3o e frescor em uma experi\u00eancia marcante para o paladar. Com colora\u00e7\u00e3o rubi intensa, apresenta aromas de frutas vermelhas maduras, como [&hellip;]<\/p>\n","protected":false},"featured_media":4937,"template":"","meta":{"site-sidebar-layout":"default","site-content-layout":"","ast-site-content-layout":"default","site-content-style":"default","site-sidebar-style":"default","ast-global-header-display":"","ast-banner-title-visibility":"","ast-main-header-display":"","ast-hfb-above-header-display":"","ast-hfb-below-header-display":"","ast-hfb-mobile-header-display":"","site-post-title":"","ast-breadcrumbs-content":"","ast-featured-img":"","footer-sml-layout":"","theme-transparent-header-meta":"default","adv-header-id-meta":"","stick-header-meta":"","header-above-stick-meta":"","header-main-stick-meta":"","header-below-stick-meta":"","astra-migrate-meta-layouts":"set","ast-page-background-enabled":"default","ast-page-background-meta":{"desktop":{"background-color":"","background-image":"","background-repeat":"repeat","background-position":"center center","background-size":"auto","background-attachment":"scroll","background-type":"","background-media":"","overlay-type":"","overlay-color":"","overlay-opacity":"","overlay-gradient":""},"tablet":{"background-color":"","background-image":"","background-repeat":"repeat","background-position":"center center","background-size":"auto","background-attachment":"scroll","background-type":"","background-media":"","overlay-type":"","overlay-color":"","overlay-opacity":"","overlay-gradient":""},"mobile":{"background-color":"","background-image":"","background-repeat":"repeat","background-position":"center center","background-size":"auto","background-attachment":"scroll","background-type":"","background-media":"","overlay-type":"","overlay-color":"","overlay-opacity":"","overlay-gradient":""}},"ast-content-background-meta":{"desktop":{"background-color":"var(--ast-global-color-5)","background-image":"","background-repeat":"repeat","background-position":"center center","background-size":"auto","background-attachment":"scroll","background-type":"","background-media":"","overlay-type":"","overlay-color":"","overlay-opacity":"","overlay-gradient":""},"tablet":{"background-color":"var(--ast-global-color-5)","background-image":"","background-repeat":"repeat","background-position":"center center","background-size":"auto","background-attachment":"scroll","background-type":"","background-media":"","overlay-type":"","overlay-color":"","overlay-opacity":"","overlay-gradient":""},"mobile":{"background-color":"var(--ast-global-color-5)","background-image":"","background-repeat":"repeat","background-position":"center center","background-size":"auto","background-attachment":"scroll","background-type":"","background-media":"","overlay-type":"","overlay-color":"","overlay-opacity":"","overlay-gradient":""}}},"product_cat":[53],"product_tag":[],"class_list":{"0":"post-4936","1":"product","2":"type-product","3":"status-publish","4":"has-post-thumbnail","6":"product_cat-chile","7":"desktop-align-left","8":"tablet-align-left","9":"mobile-align-left","11":"first","12":"instock","13":"shipping-taxable","14":"purchasable","15":"product-type-simple"},"aioseo_notices":[],"_links":{"self":[{"href":"https:\/\/maxwinetop.com.br\/index.php\/wp-json\/wp\/v2\/product\/4936"}],"collection":[{"href":"https:\/\/maxwinetop.com.br\/index.php\/wp-json\/wp\/v2\/product"}],"about":[{"href":"https:\/\/maxwinetop.com.br\/index.php\/wp-json\/wp\/v2\/types\/product"}],"wp:featuredmedia":[{"embeddable":true,"href":"https:\/\/maxwinetop.com.br\/index.php\/wp-json\/wp\/v2\/media\/4937"}],"wp:attachment":[{"href":"https:\/\/maxwinetop.com.br\/index.php\/wp-json\/wp\/v2\/media?parent=4936"}],"wp:term":[{"taxonomy":"product_cat","embeddable":true,"href":"https:\/\/maxwinetop.com.br\/index.php\/wp-json\/wp\/v2\/product_cat?post=4936"},{"taxonomy":"product_tag","embeddable":true,"href":"https:\/\/maxwinetop.com.br\/index.php\/wp-json\/wp\/v2\/product_tag?post=4936"}],"curies":[{"name":"wp","href":"https:\/\/api.w.org\/{rel}","templated":true}]}}