{"id":4934,"date":"2025-07-20T10:25:48","date_gmt":"2025-07-20T13:25:48","guid":{"rendered":"https:\/\/maxwinetop.com.br\/?post_type=product&#038;p=4934"},"modified":"2025-07-20T10:25:48","modified_gmt":"2025-07-20T13:25:48","slug":"epu","status":"publish","type":"product","link":"https:\/\/maxwinetop.com.br\/index.php\/product\/epu\/","title":{"rendered":"EPU"},"content":{"rendered":"<p data-start=\"127\" data-end=\"175\"><strong data-start=\"127\" data-end=\"175\">EPU \u2013 A express\u00e3o jovem da tradi\u00e7\u00e3o Almaviva<\/strong><\/p>\n<p data-start=\"177\" data-end=\"564\">EPU, que significa \u201cdois\u201d em Mapudungun (idioma dos povos Mapuche), \u00e9 o segundo vinho da vin\u00edcola Almaviva \u2014 uma joia chilena que reflete toda a eleg\u00e2ncia, complexidade e heran\u00e7a do terroir do Vale do Maipo. Produzido com uvas cuidadosamente selecionadas, o EPU revela notas intensas de frutas vermelhas maduras, sutis toques de especiarias, taninos macios e um final longo e refinado.<\/p>\n<p data-start=\"566\" data-end=\"821\">Equilibrado, acess\u00edvel e sofisticado, o EPU \u00e9 ideal para quem deseja conhecer a assinatura Almaviva em uma vers\u00e3o mais jovem e vers\u00e1til. Harmoniza perfeitamente com carnes grelhadas, massas e queijos curados, tornando cada momento uma experi\u00eancia \u00fanica.<\/p>\n<p data-start=\"823\" data-end=\"906\"><strong data-start=\"823\" data-end=\"906\">Descubra EPU. Um convite para brindar o melhor da tradi\u00e7\u00e3o chilena em sua ta\u00e7a.<\/strong><\/p>\n","protected":false},"excerpt":{"rendered":"<p>EPU \u2013 A express\u00e3o jovem da tradi\u00e7\u00e3o Almaviva EPU, que significa \u201cdois\u201d em Mapudungun (idioma dos povos Mapuche), \u00e9 o segundo vinho da vin\u00edcola Almaviva \u2014 uma joia chilena que reflete toda a eleg\u00e2ncia, complexidade e heran\u00e7a do terroir do Vale do Maipo. Produzido com uvas cuidadosamente selecionadas, o EPU revela notas intensas de frutas [&hellip;]<\/p>\n","protected":false},"featured_media":4935,"template":"","meta":{"site-sidebar-layout":"default","site-content-layout":"","ast-site-content-layout":"default","site-content-style":"default","site-sidebar-style":"default","ast-global-header-display":"","ast-banner-title-visibility":"","ast-main-header-display":"","ast-hfb-above-header-display":"","ast-hfb-below-header-display":"","ast-hfb-mobile-header-display":"","site-post-title":"","ast-breadcrumbs-content":"","ast-featured-img":"","footer-sml-layout":"","theme-transparent-header-meta":"default","adv-header-id-meta":"","stick-header-meta":"","header-above-stick-meta":"","header-main-stick-meta":"","header-below-stick-meta":"","astra-migrate-meta-layouts":"set","ast-page-background-enabled":"default","ast-page-background-meta":{"desktop":{"background-color":"","background-image":"","background-repeat":"repeat","background-position":"center center","background-size":"auto","background-attachment":"scroll","background-type":"","background-media":"","overlay-type":"","overlay-color":"","overlay-opacity":"","overlay-gradient":""},"tablet":{"background-color":"","background-image":"","background-repeat":"repeat","background-position":"center center","background-size":"auto","background-attachment":"scroll","background-type":"","background-media":"","overlay-type":"","overlay-color":"","overlay-opacity":"","overlay-gradient":""},"mobile":{"background-color":"","background-image":"","background-repeat":"repeat","background-position":"center center","background-size":"auto","background-attachment":"scroll","background-type":"","background-media":"","overlay-type":"","overlay-color":"","overlay-opacity":"","overlay-gradient":""}},"ast-content-background-meta":{"desktop":{"background-color":"var(--ast-global-color-5)","background-image":"","background-repeat":"repeat","background-position":"center center","background-size":"auto","background-attachment":"scroll","background-type":"","background-media":"","overlay-type":"","overlay-color":"","overlay-opacity":"","overlay-gradient":""},"tablet":{"background-color":"var(--ast-global-color-5)","background-image":"","background-repeat":"repeat","background-position":"center center","background-size":"auto","background-attachment":"scroll","background-type":"","background-media":"","overlay-type":"","overlay-color":"","overlay-opacity":"","overlay-gradient":""},"mobile":{"background-color":"var(--ast-global-color-5)","background-image":"","background-repeat":"repeat","background-position":"center center","background-size":"auto","background-attachment":"scroll","background-type":"","background-media":"","overlay-type":"","overlay-color":"","overlay-opacity":"","overlay-gradient":""}}},"product_cat":[53],"product_tag":[],"class_list":{"0":"post-4934","1":"product","2":"type-product","3":"status-publish","4":"has-post-thumbnail","6":"product_cat-chile","7":"desktop-align-left","8":"tablet-align-left","9":"mobile-align-left","11":"first","12":"instock","13":"shipping-taxable","14":"purchasable","15":"product-type-simple"},"aioseo_notices":[],"_links":{"self":[{"href":"https:\/\/maxwinetop.com.br\/index.php\/wp-json\/wp\/v2\/product\/4934"}],"collection":[{"href":"https:\/\/maxwinetop.com.br\/index.php\/wp-json\/wp\/v2\/product"}],"about":[{"href":"https:\/\/maxwinetop.com.br\/index.php\/wp-json\/wp\/v2\/types\/product"}],"wp:featuredmedia":[{"embeddable":true,"href":"https:\/\/maxwinetop.com.br\/index.php\/wp-json\/wp\/v2\/media\/4935"}],"wp:attachment":[{"href":"https:\/\/maxwinetop.com.br\/index.php\/wp-json\/wp\/v2\/media?parent=4934"}],"wp:term":[{"taxonomy":"product_cat","embeddable":true,"href":"https:\/\/maxwinetop.com.br\/index.php\/wp-json\/wp\/v2\/product_cat?post=4934"},{"taxonomy":"product_tag","embeddable":true,"href":"https:\/\/maxwinetop.com.br\/index.php\/wp-json\/wp\/v2\/product_tag?post=4934"}],"curies":[{"name":"wp","href":"https:\/\/api.w.org\/{rel}","templated":true}]}}