{"id":4858,"date":"2022-04-04T20:15:49","date_gmt":"2022-04-04T23:15:49","guid":{"rendered":"https:\/\/maxwinetop.com.br\/?post_type=product&#038;p=4858"},"modified":"2025-07-20T10:16:02","modified_gmt":"2025-07-20T13:16:02","slug":"tarapaca-etiqueta-negra","status":"publish","type":"product","link":"https:\/\/maxwinetop.com.br\/index.php\/product\/tarapaca-etiqueta-negra\/","title":{"rendered":"Tarapac\u00e1 Etiqueta Negra"},"content":{"rendered":"<div class=\"product-attribute overview\">\n<p>O\u00a0<strong>Vinho Tarapac\u00e1 Gran Reserva Etiqueta Negra<\/strong>\u00a0\u00e9 considerado um dos melhores\u00a0<strong>Cabernet Sauvignon<\/strong>\u00a0do\u00a0<strong>Chile<\/strong>, e n\u00e3o poderia ser por menos, j\u00e1 que \u00e9 assinado pela prestigiada\u00a0<strong>Vi\u00f1a Tarapac\u00e1<\/strong>! Elaborado com uvas oriundas da\u00a0<strong>Denomina\u00e7\u00e3o de Origem<\/strong>\u00a0(D.O.) do\u00a0<strong>Vale do Maipo<\/strong>. De colora\u00e7\u00e3o rubi intensa, revela, no nariz, aromas de frutas negras, como ameixa, amora e groselha, notas de especiarias, como cravo-da-\u00edndia e pimenta-preta, al\u00e9m de toques de alca\u00e7uz e baunilha. Um\u00a0<strong>Vinho Tinto\u00a0<\/strong>equilibrado, com taninos redondos e boa persist\u00eancia.<\/p>\n<\/div>\n","protected":false},"excerpt":{"rendered":"<p>O\u00a0Vinho Tarapac\u00e1 Gran Reserva Etiqueta Negra\u00a0\u00e9 considerado um dos melhores\u00a0Cabernet Sauvignon\u00a0do\u00a0Chile, e n\u00e3o poderia ser por menos, j\u00e1 que \u00e9 assinado pela prestigiada\u00a0Vi\u00f1a Tarapac\u00e1! Elaborado com uvas oriundas da\u00a0Denomina\u00e7\u00e3o de Origem\u00a0(D.O.) do\u00a0Vale do Maipo. De colora\u00e7\u00e3o rubi intensa, revela, no nariz, aromas de frutas negras, como ameixa, amora e groselha, notas de especiarias, como cravo-da-\u00edndia [&hellip;]<\/p>\n","protected":false},"featured_media":4856,"template":"","meta":{"site-sidebar-layout":"default","site-content-layout":"default","ast-site-content-layout":"","site-content-style":"default","site-sidebar-style":"default","ast-global-header-display":"","ast-banner-title-visibility":"","ast-main-header-display":"","ast-hfb-above-header-display":"","ast-hfb-below-header-display":"","ast-hfb-mobile-header-display":"","site-post-title":"","ast-breadcrumbs-content":"","ast-featured-img":"","footer-sml-layout":"","theme-transparent-header-meta":"default","adv-header-id-meta":"","stick-header-meta":"","header-above-stick-meta":"","header-main-stick-meta":"","header-below-stick-meta":"","astra-migrate-meta-layouts":"default","ast-page-background-enabled":"default","ast-page-background-meta":{"desktop":{"background-color":"","background-image":"","background-repeat":"repeat","background-position":"center center","background-size":"auto","background-attachment":"scroll","background-type":"","background-media":"","overlay-type":"","overlay-color":"","overlay-opacity":"","overlay-gradient":""},"tablet":{"background-color":"","background-image":"","background-repeat":"repeat","background-position":"center center","background-size":"auto","background-attachment":"scroll","background-type":"","background-media":"","overlay-type":"","overlay-color":"","overlay-opacity":"","overlay-gradient":""},"mobile":{"background-color":"","background-image":"","background-repeat":"repeat","background-position":"center center","background-size":"auto","background-attachment":"scroll","background-type":"","background-media":"","overlay-type":"","overlay-color":"","overlay-opacity":"","overlay-gradient":""}},"ast-content-background-meta":{"desktop":{"background-color":"var(--ast-global-color-5)","background-image":"","background-repeat":"repeat","background-position":"center center","background-size":"auto","background-attachment":"scroll","background-type":"","background-media":"","overlay-type":"","overlay-color":"","overlay-opacity":"","overlay-gradient":""},"tablet":{"background-color":"var(--ast-global-color-5)","background-image":"","background-repeat":"repeat","background-position":"center center","background-size":"auto","background-attachment":"scroll","background-type":"","background-media":"","overlay-type":"","overlay-color":"","overlay-opacity":"","overlay-gradient":""},"mobile":{"background-color":"var(--ast-global-color-5)","background-image":"","background-repeat":"repeat","background-position":"center center","background-size":"auto","background-attachment":"scroll","background-type":"","background-media":"","overlay-type":"","overlay-color":"","overlay-opacity":"","overlay-gradient":""}}},"product_cat":[53],"product_tag":[],"class_list":{"0":"post-4858","1":"product","2":"type-product","3":"status-publish","4":"has-post-thumbnail","6":"product_cat-chile","7":"desktop-align-left","8":"tablet-align-left","9":"mobile-align-left","11":"first","12":"instock","13":"shipping-taxable","14":"purchasable","15":"product-type-simple"},"aioseo_notices":[],"_links":{"self":[{"href":"https:\/\/maxwinetop.com.br\/index.php\/wp-json\/wp\/v2\/product\/4858"}],"collection":[{"href":"https:\/\/maxwinetop.com.br\/index.php\/wp-json\/wp\/v2\/product"}],"about":[{"href":"https:\/\/maxwinetop.com.br\/index.php\/wp-json\/wp\/v2\/types\/product"}],"wp:featuredmedia":[{"embeddable":true,"href":"https:\/\/maxwinetop.com.br\/index.php\/wp-json\/wp\/v2\/media\/4856"}],"wp:attachment":[{"href":"https:\/\/maxwinetop.com.br\/index.php\/wp-json\/wp\/v2\/media?parent=4858"}],"wp:term":[{"taxonomy":"product_cat","embeddable":true,"href":"https:\/\/maxwinetop.com.br\/index.php\/wp-json\/wp\/v2\/product_cat?post=4858"},{"taxonomy":"product_tag","embeddable":true,"href":"https:\/\/maxwinetop.com.br\/index.php\/wp-json\/wp\/v2\/product_tag?post=4858"}],"curies":[{"name":"wp","href":"https:\/\/api.w.org\/{rel}","templated":true}]}}