{"id":4824,"date":"2022-02-13T19:33:08","date_gmt":"2022-02-13T22:33:08","guid":{"rendered":"https:\/\/maxwinetop.com.br\/?post_type=product&#038;p=4824"},"modified":"2025-07-20T10:16:28","modified_gmt":"2025-07-20T13:16:28","slug":"conde-dervideira-vinho-tinto-da-agua","status":"publish","type":"product","link":"https:\/\/maxwinetop.com.br\/index.php\/product\/conde-dervideira-vinho-tinto-da-agua\/","title":{"rendered":"Conde D&#8217;Ervideira Vinho Tinto Da \u00c1gua"},"content":{"rendered":"","protected":false},"excerpt":{"rendered":"<div class=\"row\">\n<div class=\"label\"><strong>Designa\u00e7\u00e3o<\/strong><\/div>\n<div class=\"value\">DOC Alentejo<\/div>\n<\/div>\n<div class=\"row\">\n<div class=\"label\"><strong>Castas<\/strong><\/div>\n<div class=\"value\">Touriga Nacional, Aragonez, Trincadeira, Tinta Caiada, Alicante Bouschet, Cabernet Sauvignon.<\/div>\n<\/div>\n<div class=\"row\">\n<div class=\"label\"><strong>Vindima<\/strong><\/div>\n<div class=\"value\">Mec\u00e2nica e noturna<\/div>\n<\/div>\n<div class=\"row\">\n<div class=\"label\"><strong>Prova<\/strong><\/div>\n<div class=\"value\">Um Vinho \u00danico, com uma grande exuber\u00e2ncia arom\u00e1tica, taninos firmes mas d\u00f3ceis, capaz de impressionar e apaixonar.<\/div>\n<\/div>\n<div class=\"row\">\n<div class=\"label\"><strong>Vinifica\u00e7\u00e3o<\/strong><\/div>\n<div class=\"value\">Foi elaborado a partir de um blend de castas escolhidas criteriosamente para elaborar um vinho \u00fanico, exclusivo e apaixonante.<\/div>\n<\/div>\n<div class=\"row\">\n<div class=\"label\"><strong>Est\u00e1gio<\/strong><\/div>\n<div class=\"value\">Ganhou complexidade e persist\u00eancia ao ser estagiado em barricas de Carvalho Franc\u00eas. Ap\u00f3s o est\u00e1gio nas barricas foi engarrafado e submergido nas calmas \u00e1guas do Alqueva, onde maturou a 30m de profundidade, ao longo de 8 meses.<\/div>\n<\/div>\n<div class=\"row\">\n<div class=\"label\"><strong>Longevidade<\/strong><\/div>\n<div class=\"value\">6 a 8 anos<\/div>\n<\/div>\n<div class=\"row\">\n<div class=\"label\"><strong>Como Servir<\/strong><\/div>\n<div class=\"value\">16\u00ba a 18\u00baC<\/div>\n<\/div>\n","protected":false},"featured_media":4826,"template":"","meta":{"site-sidebar-layout":"default","site-content-layout":"default","ast-site-content-layout":"","site-content-style":"default","site-sidebar-style":"default","ast-global-header-display":"","ast-banner-title-visibility":"","ast-main-header-display":"","ast-hfb-above-header-display":"","ast-hfb-below-header-display":"","ast-hfb-mobile-header-display":"","site-post-title":"","ast-breadcrumbs-content":"","ast-featured-img":"","footer-sml-layout":"","theme-transparent-header-meta":"default","adv-header-id-meta":"","stick-header-meta":"","header-above-stick-meta":"","header-main-stick-meta":"","header-below-stick-meta":"","astra-migrate-meta-layouts":"default","ast-page-background-enabled":"default","ast-page-background-meta":{"desktop":{"background-color":"","background-image":"","background-repeat":"repeat","background-position":"center center","background-size":"auto","background-attachment":"scroll","background-type":"","background-media":"","overlay-type":"","overlay-color":"","overlay-opacity":"","overlay-gradient":""},"tablet":{"background-color":"","background-image":"","background-repeat":"repeat","background-position":"center center","background-size":"auto","background-attachment":"scroll","background-type":"","background-media":"","overlay-type":"","overlay-color":"","overlay-opacity":"","overlay-gradient":""},"mobile":{"background-color":"","background-image":"","background-repeat":"repeat","background-position":"center center","background-size":"auto","background-attachment":"scroll","background-type":"","background-media":"","overlay-type":"","overlay-color":"","overlay-opacity":"","overlay-gradient":""}},"ast-content-background-meta":{"desktop":{"background-color":"var(--ast-global-color-5)","background-image":"","background-repeat":"repeat","background-position":"center center","background-size":"auto","background-attachment":"scroll","background-type":"","background-media":"","overlay-type":"","overlay-color":"","overlay-opacity":"","overlay-gradient":""},"tablet":{"background-color":"var(--ast-global-color-5)","background-image":"","background-repeat":"repeat","background-position":"center center","background-size":"auto","background-attachment":"scroll","background-type":"","background-media":"","overlay-type":"","overlay-color":"","overlay-opacity":"","overlay-gradient":""},"mobile":{"background-color":"var(--ast-global-color-5)","background-image":"","background-repeat":"repeat","background-position":"center center","background-size":"auto","background-attachment":"scroll","background-type":"","background-media":"","overlay-type":"","overlay-color":"","overlay-opacity":"","overlay-gradient":""}}},"product_cat":[54],"product_tag":[],"class_list":{"0":"post-4824","1":"product","2":"type-product","3":"status-publish","4":"has-post-thumbnail","6":"product_cat-portugues","7":"desktop-align-left","8":"tablet-align-left","9":"mobile-align-left","11":"first","12":"instock","13":"shipping-taxable","14":"purchasable","15":"product-type-simple"},"aioseo_notices":[],"_links":{"self":[{"href":"https:\/\/maxwinetop.com.br\/index.php\/wp-json\/wp\/v2\/product\/4824"}],"collection":[{"href":"https:\/\/maxwinetop.com.br\/index.php\/wp-json\/wp\/v2\/product"}],"about":[{"href":"https:\/\/maxwinetop.com.br\/index.php\/wp-json\/wp\/v2\/types\/product"}],"wp:featuredmedia":[{"embeddable":true,"href":"https:\/\/maxwinetop.com.br\/index.php\/wp-json\/wp\/v2\/media\/4826"}],"wp:attachment":[{"href":"https:\/\/maxwinetop.com.br\/index.php\/wp-json\/wp\/v2\/media?parent=4824"}],"wp:term":[{"taxonomy":"product_cat","embeddable":true,"href":"https:\/\/maxwinetop.com.br\/index.php\/wp-json\/wp\/v2\/product_cat?post=4824"},{"taxonomy":"product_tag","embeddable":true,"href":"https:\/\/maxwinetop.com.br\/index.php\/wp-json\/wp\/v2\/product_tag?post=4824"}],"curies":[{"name":"wp","href":"https:\/\/api.w.org\/{rel}","templated":true}]}}